{"id":318,"date":"2024-07-16T17:10:53","date_gmt":"2024-07-16T15:10:53","guid":{"rendered":"https:\/\/dap.ula.ve\/inicio\/?page_id=318"},"modified":"2024-11-06T10:49:31","modified_gmt":"2024-11-06T14:49:31","slug":"historia-dap","status":"publish","type":"page","link":"https:\/\/dap.ula.ve\/inicio\/historia-dap\/","title":{"rendered":"Historia DAP"},"content":{"rendered":"\n<p>La<em> Direcci\u00f3n de Asuntos Profesorales (DAP) <\/em>forma parte de la Universidad de Los Andes. Asimismo:<\/p>\n\n\n\n<p>Bajo su responsabilidad tiene el desarrollo de 35 procedimientos administrativos relacionados exclusivamente con el personal docente y de investigaci\u00f3n. La DAP inicia sus funciones el 5 de febrero de 1974 bajo la denominaci\u00f3n de Oficina de Clasificaci\u00f3n y Control del Personal Docente y de Investigaci\u00f3n. Luego cambi\u00f3 el nombre a Oficina de Asuntos Profesorales \u2013 OAP \u2013 y finalmente por el cambio de categor\u00eda alcanz\u00f3 la denominaci\u00f3n de Direcci\u00f3n de Asuntos Profesorales el 7 de abril de 2008. Desde su creaci\u00f3n, diecinueve personas han dirigido esta dependencia encargada de facilitar al personal docente y de investigaci\u00f3n, los tr\u00e1mites administrativos durante la vida acad\u00e9mica, proporcion\u00e1ndole atenci\u00f3n, informaci\u00f3n, asesor\u00eda y servicios de calidad enmarcados dentro de los m\u00e1s altos est\u00e1ndares de excelencia. <strong><em>Oneiver Arturo Araque, 2015<\/em><\/strong><\/p>\n\n\n\n<div data-wp-interactive=\"core\/file\" class=\"wp-block-file\"><object data-wp-bind--hidden=\"!state.hasPdfPreview\" hidden class=\"wp-block-file__embed\" data=\"https:\/\/dap.ula.ve\/inicio\/wp-content\/uploads\/2024\/07\/HistoriaDAP.pdf\" type=\"application\/pdf\" style=\"width:100%;height:600px\" aria-label=\"Incrustado de Historia DAP ULA VE.\"><\/object><a id=\"wp-block-file--media-e3459d06-796f-47f4-a6cc-3c7b235b2476\" href=\"https:\/\/dap.ula.ve\/inicio\/wp-content\/uploads\/2024\/07\/HistoriaDAP.pdf\">Historia DAP ULA VE<\/a><a href=\"https:\/\/dap.ula.ve\/inicio\/wp-content\/uploads\/2024\/07\/HistoriaDAP.pdf\" class=\"wp-block-file__button wp-element-button\" download aria-describedby=\"wp-block-file--media-e3459d06-796f-47f4-a6cc-3c7b235b2476\">Descarga<\/a><\/div>\n","protected":false},"excerpt":{"rendered":"<p>La Direcci\u00f3n de Asuntos Profesorales (DAP) forma parte de la Universidad de Los Andes. Asimismo: Bajo su responsabilidad tiene el desarrollo de 35 procedimientos administrativos relacionados exclusivamente con el personal docente y de investigaci\u00f3n. La DAP inicia sus funciones el 5 de febrero de 1974 bajo la denominaci\u00f3n de Oficina de Clasificaci\u00f3n y Control del [&hellip;]<\/p>\n","protected":false},"author":1,"featured_media":0,"parent":0,"menu_order":0,"comment_status":"closed","ping_status":"closed","template":"","meta":{"saved_in_kubio":false,"footnotes":""},"class_list":["post-318","page","type-page","status-publish","hentry"],"kubio_ai_page_context":{"short_desc":"","purpose":"general"},"_links":{"self":[{"href":"https:\/\/dap.ula.ve\/inicio\/wp-json\/wp\/v2\/pages\/318","targetHints":{"allow":["GET"]}}],"collection":[{"href":"https:\/\/dap.ula.ve\/inicio\/wp-json\/wp\/v2\/pages"}],"about":[{"href":"https:\/\/dap.ula.ve\/inicio\/wp-json\/wp\/v2\/types\/page"}],"author":[{"embeddable":true,"href":"https:\/\/dap.ula.ve\/inicio\/wp-json\/wp\/v2\/users\/1"}],"replies":[{"embeddable":true,"href":"https:\/\/dap.ula.ve\/inicio\/wp-json\/wp\/v2\/comments?post=318"}],"version-history":[{"count":1,"href":"https:\/\/dap.ula.ve\/inicio\/wp-json\/wp\/v2\/pages\/318\/revisions"}],"predecessor-version":[{"id":320,"href":"https:\/\/dap.ula.ve\/inicio\/wp-json\/wp\/v2\/pages\/318\/revisions\/320"}],"wp:attachment":[{"href":"https:\/\/dap.ula.ve\/inicio\/wp-json\/wp\/v2\/media?parent=318"}],"curies":[{"name":"wp","href":"https:\/\/api.w.org\/{rel}","templated":true}]}}